{"id":460,"date":"2024-02-16T15:53:31","date_gmt":"2024-02-16T15:53:31","guid":{"rendered":"https:\/\/camucamustudio.com\/index.php\/work\/"},"modified":"2024-07-03T18:46:59","modified_gmt":"2024-07-03T17:46:59","slug":"work","status":"publish","type":"page","link":"https:\/\/camucamustudio.com\/index.php\/work\/","title":{"rendered":"Portfolio"},"content":{"rendered":"\t\t<div data-elementor-type=\"wp-page\" data-elementor-id=\"460\" class=\"elementor elementor-460\" data-elementor-post-type=\"page\">\n\t\t\t\t<div class=\"elementor-element elementor-element-781e21d8 e-flex e-con-boxed e-con e-parent\" data-id=\"781e21d8\" data-element_type=\"container\">\n\t\t\t\t\t<div class=\"e-con-inner\">\n\t\t<div class=\"elementor-element elementor-element-7714ed70 e-flex e-con-boxed e-con e-child\" data-id=\"7714ed70\" data-element_type=\"container\">\n\t\t\t\t\t<div class=\"e-con-inner\">\n\t\t\t\t<div class=\"elementor-element elementor-element-1a5c16dc elementor-widget elementor-widget-heading\" data-id=\"1a5c16dc\" data-element_type=\"widget\" data-widget_type=\"heading.default\">\n\t\t\t\t<div class=\"elementor-widget-container\">\n\t\t\t\t\t<h1 class=\"elementor-heading-title elementor-size-default\">explore nosso Trabalho<\/h1>\t\t\t\t<\/div>\n\t\t\t\t<\/div>\n\t\t\t\t<div class=\"elementor-element elementor-element-195023a3 elementor-widget elementor-widget-text-editor\" data-id=\"195023a3\" data-element_type=\"widget\" data-widget_type=\"text-editor.default\">\n\t\t\t\t<div class=\"elementor-widget-container\">\n\t\t\t\t\t\t\t\t\tDescubra alguns dos incr\u00edveis projetos que ajudamos a dar vida.\t\t\t\t\t\t\t\t<\/div>\n\t\t\t\t<\/div>\n\t\t\t\t\t<\/div>\n\t\t\t\t<\/div>\n\t\t\t\t<div class=\"elementor-element elementor-element-4a132f80 elementor-grid-2 elementor-posts--align-center elementor-widget-mobile__width-inherit elementor-grid-tablet-2 elementor-grid-mobile-1 elementor-posts--thumbnail-top elementor-widget elementor-widget-posts\" data-id=\"4a132f80\" data-element_type=\"widget\" data-settings=\"{&quot;classic_columns&quot;:&quot;2&quot;,&quot;classic_row_gap&quot;:{&quot;unit&quot;:&quot;px&quot;,&quot;size&quot;:80,&quot;sizes&quot;:[]},&quot;motion_fx_motion_fx_scrolling&quot;:&quot;yes&quot;,&quot;classic_columns_tablet&quot;:&quot;2&quot;,&quot;classic_columns_mobile&quot;:&quot;1&quot;,&quot;classic_row_gap_tablet&quot;:{&quot;unit&quot;:&quot;px&quot;,&quot;size&quot;:&quot;&quot;,&quot;sizes&quot;:[]},&quot;classic_row_gap_mobile&quot;:{&quot;unit&quot;:&quot;px&quot;,&quot;size&quot;:&quot;&quot;,&quot;sizes&quot;:[]},&quot;motion_fx_devices&quot;:[&quot;desktop&quot;,&quot;tablet&quot;,&quot;mobile&quot;]}\" data-widget_type=\"posts.classic\">\n\t\t\t\t<div class=\"elementor-widget-container\">\n\t\t\t\t\t\t\t<div class=\"elementor-posts-container elementor-posts elementor-posts--skin-classic elementor-grid\">\n\t\t\t\t<article class=\"elementor-post elementor-grid-item post-500 post type-post status-publish format-standard has-post-thumbnail hentry category-uncategorized\">\n\t\t\t\t<a class=\"elementor-post__thumbnail__link\" href=\"https:\/\/camucamustudio.com\/index.php\/2024\/02\/16\/omi\/\" tabindex=\"-1\" >\n\t\t\t<div class=\"elementor-post__thumbnail\"><img fetchpriority=\"high\" decoding=\"async\" width=\"889\" height=\"500\" src=\"https:\/\/camucamustudio.com\/wp-content\/uploads\/2024\/02\/Slide-16_9-2-e1708529479270.png\" class=\"attachment-full size-full wp-image-845\" alt=\"\" \/><\/div>\n\t\t<\/a>\n\t\t\t\t<div class=\"elementor-post__text\">\n\t\t\t\t<h3 class=\"elementor-post__title\">\n\t\t\t<a href=\"https:\/\/camucamustudio.com\/index.php\/2024\/02\/16\/omi\/\" >\n\t\t\t\tPT Moveis\t\t\t<\/a>\n\t\t<\/h3>\n\t\t\t\t<div class=\"elementor-post__excerpt\">\n\t\t\t<p>Logo; Paleta de cores; varia\u00e7\u00f5es de logo; tipografia; artes graficas; Mockups<\/p>\n\t\t<\/div>\n\t\t\t\t<\/div>\n\t\t\t\t<\/article>\n\t\t\t\t<article class=\"elementor-post elementor-grid-item post-499 post type-post status-publish format-standard has-post-thumbnail hentry category-uncategorized\">\n\t\t\t\t<a class=\"elementor-post__thumbnail__link\" href=\"https:\/\/camucamustudio.com\/index.php\/2024\/02\/16\/pri-pet-sitter\/\" tabindex=\"-1\" >\n\t\t\t<div class=\"elementor-post__thumbnail\"><img decoding=\"async\" width=\"1563\" height=\"1563\" src=\"https:\/\/camucamustudio.com\/wp-content\/uploads\/2024\/02\/logo-Pri-Pet-sitter.png\" class=\"attachment-full size-full wp-image-995\" alt=\"\" srcset=\"https:\/\/camucamustudio.com\/wp-content\/uploads\/2024\/02\/logo-Pri-Pet-sitter.png 1563w, https:\/\/camucamustudio.com\/wp-content\/uploads\/2024\/02\/logo-Pri-Pet-sitter-300x300.png 300w, https:\/\/camucamustudio.com\/wp-content\/uploads\/2024\/02\/logo-Pri-Pet-sitter-1024x1024.png 1024w, https:\/\/camucamustudio.com\/wp-content\/uploads\/2024\/02\/logo-Pri-Pet-sitter-150x150.png 150w, https:\/\/camucamustudio.com\/wp-content\/uploads\/2024\/02\/logo-Pri-Pet-sitter-768x768.png 768w, https:\/\/camucamustudio.com\/wp-content\/uploads\/2024\/02\/logo-Pri-Pet-sitter-1536x1536.png 1536w\" sizes=\"(max-width: 1563px) 100vw, 1563px\" \/><\/div>\n\t\t<\/a>\n\t\t\t\t<div class=\"elementor-post__text\">\n\t\t\t\t<h3 class=\"elementor-post__title\">\n\t\t\t<a href=\"https:\/\/camucamustudio.com\/index.php\/2024\/02\/16\/pri-pet-sitter\/\" >\n\t\t\t\tPri Pet Sitter\t\t\t<\/a>\n\t\t<\/h3>\n\t\t\t\t<div class=\"elementor-post__excerpt\">\n\t\t\t<p>Logo; Paleta de cores; cria\u00e7\u00e3o de conte\u00fado; tipografia; artes graficas; social media <\/p>\n\t\t<\/div>\n\t\t\t\t<\/div>\n\t\t\t\t<\/article>\n\t\t\t\t<article class=\"elementor-post elementor-grid-item post-498 post type-post status-publish format-standard has-post-thumbnail hentry category-uncategorized\">\n\t\t\t\t<a class=\"elementor-post__thumbnail__link\" href=\"https:\/\/camucamustudio.com\/index.php\/2024\/02\/16\/softy\/\" tabindex=\"-1\" >\n\t\t\t<div class=\"elementor-post__thumbnail\"><img decoding=\"async\" width=\"1920\" height=\"1080\" src=\"https:\/\/camucamustudio.com\/wp-content\/uploads\/2024\/02\/Quote-Page.jpg\" class=\"attachment-full size-full wp-image-1050\" alt=\"\" srcset=\"https:\/\/camucamustudio.com\/wp-content\/uploads\/2024\/02\/Quote-Page.jpg 1920w, https:\/\/camucamustudio.com\/wp-content\/uploads\/2024\/02\/Quote-Page-300x169.jpg 300w, https:\/\/camucamustudio.com\/wp-content\/uploads\/2024\/02\/Quote-Page-1024x576.jpg 1024w, https:\/\/camucamustudio.com\/wp-content\/uploads\/2024\/02\/Quote-Page-768x432.jpg 768w, https:\/\/camucamustudio.com\/wp-content\/uploads\/2024\/02\/Quote-Page-1536x864.jpg 1536w\" sizes=\"(max-width: 1920px) 100vw, 1920px\" \/><\/div>\n\t\t<\/a>\n\t\t\t\t<div class=\"elementor-post__text\">\n\t\t\t\t<h3 class=\"elementor-post__title\">\n\t\t\t<a href=\"https:\/\/camucamustudio.com\/index.php\/2024\/02\/16\/softy\/\" >\n\t\t\t\tRute Maia &#8211; Studio\t\t\t<\/a>\n\t\t<\/h3>\n\t\t\t\t<div class=\"elementor-post__excerpt\">\n\t\t\t<p>Manual de Identidade; Branding.<\/p>\n\t\t<\/div>\n\t\t\t\t<\/div>\n\t\t\t\t<\/article>\n\t\t\t\t<article class=\"elementor-post elementor-grid-item post-497 post type-post status-publish format-standard has-post-thumbnail hentry category-uncategorized\">\n\t\t\t\t<a class=\"elementor-post__thumbnail__link\" href=\"https:\/\/camucamustudio.com\/index.php\/2024\/02\/16\/holandria\/\" tabindex=\"-1\" >\n\t\t\t<div class=\"elementor-post__thumbnail\"><img loading=\"lazy\" decoding=\"async\" width=\"863\" height=\"995\" src=\"https:\/\/camucamustudio.com\/wp-content\/uploads\/2022\/01\/Post_Holandria_Img_Featured.jpg\" class=\"attachment-full size-full wp-image-504\" alt=\"\" srcset=\"https:\/\/camucamustudio.com\/wp-content\/uploads\/2022\/01\/Post_Holandria_Img_Featured.jpg 863w, https:\/\/camucamustudio.com\/wp-content\/uploads\/2022\/01\/Post_Holandria_Img_Featured-260x300.jpg 260w, https:\/\/camucamustudio.com\/wp-content\/uploads\/2022\/01\/Post_Holandria_Img_Featured-768x885.jpg 768w\" sizes=\"(max-width: 863px) 100vw, 863px\" \/><\/div>\n\t\t<\/a>\n\t\t\t\t<div class=\"elementor-post__text\">\n\t\t\t\t<h3 class=\"elementor-post__title\">\n\t\t\t<a href=\"https:\/\/camucamustudio.com\/index.php\/2024\/02\/16\/holandria\/\" >\n\t\t\t\tHolandria\t\t\t<\/a>\n\t\t<\/h3>\n\t\t\t\t<div class=\"elementor-post__excerpt\">\n\t\t\t<p>Packaging, Branding, Email Marketing, Affiliate Management<\/p>\n\t\t<\/div>\n\t\t\t\t<\/div>\n\t\t\t\t<\/article>\n\t\t\t\t<article class=\"elementor-post elementor-grid-item post-496 post type-post status-publish format-standard has-post-thumbnail hentry category-uncategorized\">\n\t\t\t\t<a class=\"elementor-post__thumbnail__link\" href=\"https:\/\/camucamustudio.com\/index.php\/2024\/02\/16\/made-for-kids-2022\/\" tabindex=\"-1\" >\n\t\t\t<div class=\"elementor-post__thumbnail\"><img loading=\"lazy\" decoding=\"async\" width=\"863\" height=\"995\" src=\"https:\/\/camucamustudio.com\/wp-content\/uploads\/2022\/01\/Post_MFK_Img_Featured.jpg\" class=\"attachment-full size-full wp-image-501\" alt=\"\" srcset=\"https:\/\/camucamustudio.com\/wp-content\/uploads\/2022\/01\/Post_MFK_Img_Featured.jpg 863w, https:\/\/camucamustudio.com\/wp-content\/uploads\/2022\/01\/Post_MFK_Img_Featured-260x300.jpg 260w, https:\/\/camucamustudio.com\/wp-content\/uploads\/2022\/01\/Post_MFK_Img_Featured-768x885.jpg 768w\" sizes=\"(max-width: 863px) 100vw, 863px\" \/><\/div>\n\t\t<\/a>\n\t\t\t\t<div class=\"elementor-post__text\">\n\t\t\t\t<h3 class=\"elementor-post__title\">\n\t\t\t<a href=\"https:\/\/camucamustudio.com\/index.php\/2024\/02\/16\/made-for-kids-2022\/\" >\n\t\t\t\tMFK\t\t\t<\/a>\n\t\t<\/h3>\n\t\t\t\t<div class=\"elementor-post__excerpt\">\n\t\t\t<p>Research, Packaging, Website Design, Content Strategy<\/p>\n\t\t<\/div>\n\t\t\t\t<\/div>\n\t\t\t\t<\/article>\n\t\t\t\t<article class=\"elementor-post elementor-grid-item post-494 post type-post status-publish format-standard has-post-thumbnail hentry category-uncategorized\">\n\t\t\t\t<a class=\"elementor-post__thumbnail__link\" href=\"https:\/\/camucamustudio.com\/index.php\/2024\/02\/16\/cela\/\" tabindex=\"-1\" >\n\t\t\t<div class=\"elementor-post__thumbnail\"><img loading=\"lazy\" decoding=\"async\" width=\"863\" height=\"995\" src=\"https:\/\/camucamustudio.com\/wp-content\/uploads\/2022\/01\/Post_Cela_Img_Featured.jpg\" class=\"attachment-full size-full wp-image-502\" alt=\"\" srcset=\"https:\/\/camucamustudio.com\/wp-content\/uploads\/2022\/01\/Post_Cela_Img_Featured.jpg 863w, https:\/\/camucamustudio.com\/wp-content\/uploads\/2022\/01\/Post_Cela_Img_Featured-260x300.jpg 260w, https:\/\/camucamustudio.com\/wp-content\/uploads\/2022\/01\/Post_Cela_Img_Featured-768x885.jpg 768w\" sizes=\"(max-width: 863px) 100vw, 863px\" \/><\/div>\n\t\t<\/a>\n\t\t\t\t<div class=\"elementor-post__text\">\n\t\t\t\t<h3 class=\"elementor-post__title\">\n\t\t\t<a href=\"https:\/\/camucamustudio.com\/index.php\/2024\/02\/16\/cela\/\" >\n\t\t\t\tCela\t\t\t<\/a>\n\t\t<\/h3>\n\t\t\t\t<div class=\"elementor-post__excerpt\">\n\t\t\t<p>Ecommerce, Website Development, PPC Management, SEO<\/p>\n\t\t<\/div>\n\t\t\t\t<\/div>\n\t\t\t\t<\/article>\n\t\t\t\t<\/div>\n\t\t\n\t\t\t\t\t\t<\/div>\n\t\t\t\t<\/div>\n\t\t<div class=\"elementor-element elementor-element-44688bd e-flex e-con-boxed e-con e-child\" data-id=\"44688bd\" data-element_type=\"container\">\n\t\t\t\t\t<div class=\"e-con-inner\">\n\t\t\t\t\t<\/div>\n\t\t\t\t<\/div>\n\t\t\t\t\t<\/div>\n\t\t\t\t<\/div>\n\t\t\t\t<\/div>\n\t\t","protected":false},"excerpt":{"rendered":"<p>explore nosso Trabalho Descubra alguns dos incr\u00edveis projetos que ajudamos a dar vida.<\/p>\n","protected":false},"author":1,"featured_media":463,"parent":0,"menu_order":0,"comment_status":"closed","ping_status":"closed","template":"elementor_header_footer","meta":{"footnotes":""},"_links":{"self":[{"href":"https:\/\/camucamustudio.com\/index.php\/wp-json\/wp\/v2\/pages\/460"}],"collection":[{"href":"https:\/\/camucamustudio.com\/index.php\/wp-json\/wp\/v2\/pages"}],"about":[{"href":"https:\/\/camucamustudio.com\/index.php\/wp-json\/wp\/v2\/types\/page"}],"author":[{"embeddable":true,"href":"https:\/\/camucamustudio.com\/index.php\/wp-json\/wp\/v2\/users\/1"}],"replies":[{"embeddable":true,"href":"https:\/\/camucamustudio.com\/index.php\/wp-json\/wp\/v2\/comments?post=460"}],"version-history":[{"count":16,"href":"https:\/\/camucamustudio.com\/index.php\/wp-json\/wp\/v2\/pages\/460\/revisions"}],"predecessor-version":[{"id":1092,"href":"https:\/\/camucamustudio.com\/index.php\/wp-json\/wp\/v2\/pages\/460\/revisions\/1092"}],"wp:featuredmedia":[{"embeddable":true,"href":"https:\/\/camucamustudio.com\/index.php\/wp-json\/wp\/v2\/media\/463"}],"wp:attachment":[{"href":"https:\/\/camucamustudio.com\/index.php\/wp-json\/wp\/v2\/media?parent=460"}],"curies":[{"name":"wp","href":"https:\/\/api.w.org\/{rel}","templated":true}]}}